{"id":144614,"date":"2023-05-09T08:53:53","date_gmt":"2023-05-09T13:53:53","guid":{"rendered":"https:\/\/www.celsia.com\/es\/?page_id=144614"},"modified":"2025-08-08T08:38:53","modified_gmt":"2025-08-08T13:38:53","slug":"cargador-celsia-para-vehiculos-electricos-e-hibridos","status":"publish","type":"page","link":"https:\/\/www.celsia.com\/en\/cargador-celsia-para-vehiculos-electricos-e-hibridos\/","title":{"rendered":"Cargador Celsia para veh\u00edculos el\u00e9ctricos e h\u00edbridos"},"content":{"rendered":"","protected":false},"excerpt":{"rendered":"","protected":false},"author":3,"featured_media":0,"parent":0,"menu_order":0,"comment_status":"closed","ping_status":"closed","template":"templates\/page-builder-template.php","meta":{"_acf_changed":false,"footnotes":""},"class_list":["post-144614","page","type-page","status-publish","hentry"],"acf":[],"_links":{"self":[{"href":"https:\/\/www.celsia.com\/en\/wp-json\/wp\/v2\/pages\/144614","targetHints":{"allow":["GET"]}}],"collection":[{"href":"https:\/\/www.celsia.com\/en\/wp-json\/wp\/v2\/pages"}],"about":[{"href":"https:\/\/www.celsia.com\/en\/wp-json\/wp\/v2\/types\/page"}],"author":[{"embeddable":true,"href":"https:\/\/www.celsia.com\/en\/wp-json\/wp\/v2\/users\/3"}],"replies":[{"embeddable":true,"href":"https:\/\/www.celsia.com\/en\/wp-json\/wp\/v2\/comments?post=144614"}],"version-history":[{"count":80,"href":"https:\/\/www.celsia.com\/en\/wp-json\/wp\/v2\/pages\/144614\/revisions"}],"predecessor-version":[{"id":259950,"href":"https:\/\/www.celsia.com\/en\/wp-json\/wp\/v2\/pages\/144614\/revisions\/259950"}],"wp:attachment":[{"href":"https:\/\/www.celsia.com\/en\/wp-json\/wp\/v2\/media?parent=144614"}],"curies":[{"name":"wp","href":"https:\/\/api.w.org\/{rel}","templated":true}]}}