{"id":169110,"date":"2024-01-04T15:24:27","date_gmt":"2024-01-04T20:24:27","guid":{"rendered":"https:\/\/www.celsia.com\/es\/?page_id=169110"},"modified":"2024-01-04T15:30:41","modified_gmt":"2024-01-04T20:30:41","slug":"planeacion-y-operacion-mercados-energeticos","status":"publish","type":"page","link":"https:\/\/www.celsia.com\/en\/quienes-somos\/que-hacemos\/planeacion-y-operacion-mercados-energeticos\/","title":{"rendered":"Planeaci\u00f3n y operaci\u00f3n mercados energ\u00e9ticos"},"content":{"rendered":"","protected":false},"excerpt":{"rendered":"","protected":false},"author":17,"featured_media":0,"parent":147,"menu_order":0,"comment_status":"closed","ping_status":"closed","template":"templates\/page-builder-template.php","meta":{"_acf_changed":false,"footnotes":""},"class_list":["post-169110","page","type-page","status-publish","hentry"],"acf":[],"_links":{"self":[{"href":"https:\/\/www.celsia.com\/en\/wp-json\/wp\/v2\/pages\/169110","targetHints":{"allow":["GET"]}}],"collection":[{"href":"https:\/\/www.celsia.com\/en\/wp-json\/wp\/v2\/pages"}],"about":[{"href":"https:\/\/www.celsia.com\/en\/wp-json\/wp\/v2\/types\/page"}],"author":[{"embeddable":true,"href":"https:\/\/www.celsia.com\/en\/wp-json\/wp\/v2\/users\/17"}],"replies":[{"embeddable":true,"href":"https:\/\/www.celsia.com\/en\/wp-json\/wp\/v2\/comments?post=169110"}],"version-history":[{"count":4,"href":"https:\/\/www.celsia.com\/en\/wp-json\/wp\/v2\/pages\/169110\/revisions"}],"predecessor-version":[{"id":169114,"href":"https:\/\/www.celsia.com\/en\/wp-json\/wp\/v2\/pages\/169110\/revisions\/169114"}],"up":[{"embeddable":true,"href":"https:\/\/www.celsia.com\/en\/wp-json\/wp\/v2\/pages\/147"}],"wp:attachment":[{"href":"https:\/\/www.celsia.com\/en\/wp-json\/wp\/v2\/media?parent=169110"}],"curies":[{"name":"wp","href":"https:\/\/api.w.org\/{rel}","templated":true}]}}