{"id":57360,"date":"2022-09-15T19:24:45","date_gmt":"2022-09-16T00:24:45","guid":{"rendered":"https:\/\/www.celsia.com\/es\/?page_id=57360"},"modified":"2024-10-28T15:02:18","modified_gmt":"2024-10-28T20:02:18","slug":"practicas-de-gestion-de-trafico","status":"publish","type":"page","link":"https:\/\/www.celsia.com\/en\/practicas-de-gestion-de-trafico\/","title":{"rendered":"Pr\u00e1cticas de gesti\u00f3n de tr\u00e1fico"},"content":{"rendered":"","protected":false},"excerpt":{"rendered":"","protected":false},"author":3,"featured_media":0,"parent":0,"menu_order":0,"comment_status":"closed","ping_status":"closed","template":"templates\/inversionistas-celsia-template.php","meta":{"_acf_changed":false,"footnotes":""},"class_list":["post-57360","page","type-page","status-publish","hentry"],"acf":[],"_links":{"self":[{"href":"https:\/\/www.celsia.com\/en\/wp-json\/wp\/v2\/pages\/57360","targetHints":{"allow":["GET"]}}],"collection":[{"href":"https:\/\/www.celsia.com\/en\/wp-json\/wp\/v2\/pages"}],"about":[{"href":"https:\/\/www.celsia.com\/en\/wp-json\/wp\/v2\/types\/page"}],"author":[{"embeddable":true,"href":"https:\/\/www.celsia.com\/en\/wp-json\/wp\/v2\/users\/3"}],"replies":[{"embeddable":true,"href":"https:\/\/www.celsia.com\/en\/wp-json\/wp\/v2\/comments?post=57360"}],"version-history":[{"count":2,"href":"https:\/\/www.celsia.com\/en\/wp-json\/wp\/v2\/pages\/57360\/revisions"}],"predecessor-version":[{"id":57488,"href":"https:\/\/www.celsia.com\/en\/wp-json\/wp\/v2\/pages\/57360\/revisions\/57488"}],"wp:attachment":[{"href":"https:\/\/www.celsia.com\/en\/wp-json\/wp\/v2\/media?parent=57360"}],"curies":[{"name":"wp","href":"https:\/\/api.w.org\/{rel}","templated":true}]}}