{"id":7552,"date":"2021-04-27T19:42:48","date_gmt":"2021-04-27T19:42:48","guid":{"rendered":"https:\/\/www.celsia.com\/?page_id=7552"},"modified":"2023-10-10T15:39:39","modified_gmt":"2023-10-10T20:39:39","slug":"sumate-a-la-revolucion-de-la-movilidad-electrica","status":"publish","type":"page","link":"https:\/\/www.celsia.com\/en\/honduras\/sumate-a-la-revolucion-de-la-movilidad-electrica\/","title":{"rendered":"S\u00famate a la revoluci\u00f3n de la movilidad el\u00e9ctrica"},"content":{"rendered":"","protected":false},"excerpt":{"rendered":"","protected":false},"author":3,"featured_media":0,"parent":2405,"menu_order":0,"comment_status":"closed","ping_status":"closed","template":"templates\/home-electric-mobility-template.php","meta":{"_acf_changed":false,"footnotes":""},"class_list":["post-7552","page","type-page","status-publish","hentry"],"acf":[],"_links":{"self":[{"href":"https:\/\/www.celsia.com\/en\/wp-json\/wp\/v2\/pages\/7552","targetHints":{"allow":["GET"]}}],"collection":[{"href":"https:\/\/www.celsia.com\/en\/wp-json\/wp\/v2\/pages"}],"about":[{"href":"https:\/\/www.celsia.com\/en\/wp-json\/wp\/v2\/types\/page"}],"author":[{"embeddable":true,"href":"https:\/\/www.celsia.com\/en\/wp-json\/wp\/v2\/users\/3"}],"replies":[{"embeddable":true,"href":"https:\/\/www.celsia.com\/en\/wp-json\/wp\/v2\/comments?post=7552"}],"version-history":[{"count":10,"href":"https:\/\/www.celsia.com\/en\/wp-json\/wp\/v2\/pages\/7552\/revisions"}],"predecessor-version":[{"id":57147,"href":"https:\/\/www.celsia.com\/en\/wp-json\/wp\/v2\/pages\/7552\/revisions\/57147"}],"up":[{"embeddable":true,"href":"https:\/\/www.celsia.com\/en\/wp-json\/wp\/v2\/pages\/2405"}],"wp:attachment":[{"href":"https:\/\/www.celsia.com\/en\/wp-json\/wp\/v2\/media?parent=7552"}],"curies":[{"name":"wp","href":"https:\/\/api.w.org\/{rel}","templated":true}]}}