{"id":6839,"date":"2021-04-19T19:35:10","date_gmt":"2021-04-19T19:35:10","guid":{"rendered":"https:\/\/www.celsia.com\/?page_id=6839"},"modified":"2021-10-01T10:21:03","modified_gmt":"2021-10-01T15:21:03","slug":"plan-de-expansion-en-transmision-y-distribucion","status":"publish","type":"page","link":"https:\/\/www.celsia.com\/es\/quienes-somos\/que-hacemos\/plan-de-expansion-en-transmision-y-distribucion\/","title":{"rendered":"Plan de expansi\u00f3n en transmisi\u00f3n y distribuci\u00f3n"},"content":{"rendered":"","protected":false},"excerpt":{"rendered":"","protected":false},"author":3,"featured_media":0,"parent":147,"menu_order":0,"comment_status":"closed","ping_status":"closed","template":"templates\/expansion-plan-template.php","meta":{"_acf_changed":false,"footnotes":""},"class_list":["post-6839","page","type-page","status-publish","hentry"],"acf":[],"_links":{"self":[{"href":"https:\/\/www.celsia.com\/es\/wp-json\/wp\/v2\/pages\/6839","targetHints":{"allow":["GET"]}}],"collection":[{"href":"https:\/\/www.celsia.com\/es\/wp-json\/wp\/v2\/pages"}],"about":[{"href":"https:\/\/www.celsia.com\/es\/wp-json\/wp\/v2\/types\/page"}],"author":[{"embeddable":true,"href":"https:\/\/www.celsia.com\/es\/wp-json\/wp\/v2\/users\/3"}],"replies":[{"embeddable":true,"href":"https:\/\/www.celsia.com\/es\/wp-json\/wp\/v2\/comments?post=6839"}],"version-history":[{"count":13,"href":"https:\/\/www.celsia.com\/es\/wp-json\/wp\/v2\/pages\/6839\/revisions"}],"predecessor-version":[{"id":9921,"href":"https:\/\/www.celsia.com\/es\/wp-json\/wp\/v2\/pages\/6839\/revisions\/9921"}],"up":[{"embeddable":true,"href":"https:\/\/www.celsia.com\/es\/wp-json\/wp\/v2\/pages\/147"}],"wp:attachment":[{"href":"https:\/\/www.celsia.com\/es\/wp-json\/wp\/v2\/media?parent=6839"}],"curies":[{"name":"wp","href":"https:\/\/api.w.org\/{rel}","templated":true}]}}